{"id":3068,"date":"2019-11-13T09:44:11","date_gmt":"2019-11-13T09:44:11","guid":{"rendered":"https:\/\/irenebozza.com\/atelier\/"},"modified":"2022-10-07T11:32:06","modified_gmt":"2022-10-07T11:32:06","slug":"atelier","status":"publish","type":"page","link":"https:\/\/irenebozza.com\/it\/atelier\/","title":{"rendered":"Atelier"},"content":{"rendered":"\t\t<div data-elementor-type=\"wp-post\" data-elementor-id=\"3068\" class=\"elementor elementor-3068 elementor-470\" data-elementor-post-type=\"page\">\n\t\t\t\t\t\t\t\t\t<section class=\"elementor-section elementor-top-section elementor-element elementor-element-84d7cdf elementor-section-stretched elementor-section-boxed elementor-section-height-default elementor-section-height-default\" data-id=\"84d7cdf\" data-element_type=\"section\" data-settings=\"{&quot;stretch_section&quot;:&quot;section-stretched&quot;,&quot;background_background&quot;:&quot;classic&quot;,&quot;sticky&quot;:&quot;top&quot;,&quot;sticky_offset&quot;:134,&quot;sticky_on&quot;:[&quot;desktop&quot;],&quot;jet_parallax_layout_list&quot;:[{&quot;jet_parallax_layout_image&quot;:{&quot;url&quot;:&quot;&quot;,&quot;id&quot;:&quot;&quot;,&quot;size&quot;:&quot;&quot;},&quot;_id&quot;:&quot;dc0d0a9&quot;,&quot;jet_parallax_layout_image_tablet&quot;:{&quot;url&quot;:&quot;&quot;,&quot;id&quot;:&quot;&quot;,&quot;size&quot;:&quot;&quot;},&quot;jet_parallax_layout_image_mobile&quot;:{&quot;url&quot;:&quot;&quot;,&quot;id&quot;:&quot;&quot;,&quot;size&quot;:&quot;&quot;},&quot;jet_parallax_layout_speed&quot;:{&quot;unit&quot;:&quot;%&quot;,&quot;size&quot;:50,&quot;sizes&quot;:[]},&quot;jet_parallax_layout_type&quot;:&quot;scroll&quot;,&quot;jet_parallax_layout_direction&quot;:null,&quot;jet_parallax_layout_fx_direction&quot;:null,&quot;jet_parallax_layout_z_index&quot;:&quot;&quot;,&quot;jet_parallax_layout_bg_x&quot;:50,&quot;jet_parallax_layout_bg_y&quot;:50,&quot;jet_parallax_layout_bg_size&quot;:&quot;auto&quot;,&quot;jet_parallax_layout_animation_prop&quot;:&quot;transform&quot;,&quot;jet_parallax_layout_on&quot;:[&quot;desktop&quot;,&quot;tablet&quot;],&quot;jet_parallax_layout_bg_x_tablet&quot;:&quot;&quot;,&quot;jet_parallax_layout_bg_x_mobile&quot;:&quot;&quot;,&quot;jet_parallax_layout_bg_y_tablet&quot;:&quot;&quot;,&quot;jet_parallax_layout_bg_y_mobile&quot;:&quot;&quot;,&quot;jet_parallax_layout_bg_size_tablet&quot;:&quot;&quot;,&quot;jet_parallax_layout_bg_size_mobile&quot;:&quot;&quot;}],&quot;sticky_effects_offset&quot;:0}\">\n\t\t\t\t\t\t<div class=\"elementor-container elementor-column-gap-default\">\n\t\t\t\t\t<div class=\"elementor-column elementor-col-100 elementor-top-column elementor-element elementor-element-17afa59\" data-id=\"17afa59\" data-element_type=\"column\">\n\t\t\t<div class=\"elementor-widget-wrap elementor-element-populated\">\n\t\t\t\t\t\t\t\t<div class=\"elementor-element elementor-element-8fd01e3 elementor-widget elementor-widget-text-editor\" data-id=\"8fd01e3\" data-element_type=\"widget\" data-widget_type=\"text-editor.default\">\n\t\t\t\t<div class=\"elementor-widget-container\">\n\t\t\t\t\t\t\t<p>ATELIER<\/p>\n\t\t\t\t\t\t<\/div>\n\t\t\t\t<\/div>\n\t\t\t\t\t<\/div>\n\t\t<\/div>\n\t\t\t\t\t\t\t<\/div>\n\t\t<\/section>\n\t\t\t\t<section class=\"elementor-section elementor-top-section elementor-element elementor-element-c8bc06e elementor-section-content-middle elementor-section-boxed elementor-section-height-default elementor-section-height-default\" data-id=\"c8bc06e\" data-element_type=\"section\" data-settings=\"{&quot;background_background&quot;:&quot;classic&quot;,&quot;jet_parallax_layout_list&quot;:[{&quot;jet_parallax_layout_image&quot;:{&quot;url&quot;:&quot;&quot;,&quot;id&quot;:&quot;&quot;,&quot;size&quot;:&quot;&quot;},&quot;_id&quot;:&quot;7fd1e74&quot;,&quot;jet_parallax_layout_image_tablet&quot;:{&quot;url&quot;:&quot;&quot;,&quot;id&quot;:&quot;&quot;,&quot;size&quot;:&quot;&quot;},&quot;jet_parallax_layout_image_mobile&quot;:{&quot;url&quot;:&quot;&quot;,&quot;id&quot;:&quot;&quot;,&quot;size&quot;:&quot;&quot;},&quot;jet_parallax_layout_speed&quot;:{&quot;unit&quot;:&quot;%&quot;,&quot;size&quot;:50,&quot;sizes&quot;:[]},&quot;jet_parallax_layout_type&quot;:&quot;scroll&quot;,&quot;jet_parallax_layout_direction&quot;:null,&quot;jet_parallax_layout_fx_direction&quot;:null,&quot;jet_parallax_layout_z_index&quot;:&quot;&quot;,&quot;jet_parallax_layout_bg_x&quot;:50,&quot;jet_parallax_layout_bg_y&quot;:50,&quot;jet_parallax_layout_bg_size&quot;:&quot;auto&quot;,&quot;jet_parallax_layout_animation_prop&quot;:&quot;transform&quot;,&quot;jet_parallax_layout_on&quot;:[&quot;desktop&quot;,&quot;tablet&quot;],&quot;jet_parallax_layout_bg_x_tablet&quot;:&quot;&quot;,&quot;jet_parallax_layout_bg_x_mobile&quot;:&quot;&quot;,&quot;jet_parallax_layout_bg_y_tablet&quot;:&quot;&quot;,&quot;jet_parallax_layout_bg_y_mobile&quot;:&quot;&quot;,&quot;jet_parallax_layout_bg_size_tablet&quot;:&quot;&quot;,&quot;jet_parallax_layout_bg_size_mobile&quot;:&quot;&quot;}]}\">\n\t\t\t\t\t\t<div class=\"elementor-container elementor-column-gap-default\">\n\t\t\t\t\t<div class=\"elementor-column elementor-col-50 elementor-top-column elementor-element elementor-element-a3e120e\" data-id=\"a3e120e\" data-element_type=\"column\">\n\t\t\t<div class=\"elementor-widget-wrap elementor-element-populated\">\n\t\t\t\t\t\t\t\t<div class=\"elementor-element elementor-element-b2c791b elementor-hidden-phone elementor-hidden-tablet elementor-widget elementor-widget-image\" data-id=\"b2c791b\" data-element_type=\"widget\" data-widget_type=\"image.default\">\n\t\t\t\t<div class=\"elementor-widget-container\">\n\t\t\t\t\t\t\t\t\t\t\t\t\t\t\t<img fetchpriority=\"high\" decoding=\"async\" width=\"747\" height=\"1024\" src=\"https:\/\/irenebozza.com\/wp-content\/uploads\/atelier_joyas-con-significado_unico-irene-bozza-747x1024.jpg\" class=\"attachment-large size-large wp-image-866\" alt=\"\" srcset=\"https:\/\/irenebozza.com\/wp-content\/uploads\/atelier_joyas-con-significado_unico-irene-bozza-747x1024.jpg 747w, https:\/\/irenebozza.com\/wp-content\/uploads\/atelier_joyas-con-significado_unico-irene-bozza-219x300.jpg 219w, https:\/\/irenebozza.com\/wp-content\/uploads\/atelier_joyas-con-significado_unico-irene-bozza-768x1052.jpg 768w, https:\/\/irenebozza.com\/wp-content\/uploads\/atelier_joyas-con-significado_unico-irene-bozza-300x411.jpg 300w, https:\/\/irenebozza.com\/wp-content\/uploads\/atelier_joyas-con-significado_unico-irene-bozza-600x822.jpg 600w, https:\/\/irenebozza.com\/wp-content\/uploads\/atelier_joyas-con-significado_unico-irene-bozza.jpg 800w\" sizes=\"(max-width: 747px) 100vw, 747px\" \/>\t\t\t\t\t\t\t\t\t\t\t\t\t\t\t<\/div>\n\t\t\t\t<\/div>\n\t\t\t\t<div class=\"elementor-element elementor-element-f42be22 elementor-hidden-phone elementor-hidden-tablet elementor-widget elementor-widget-text-editor\" data-id=\"f42be22\" data-element_type=\"widget\" data-widget_type=\"text-editor.default\">\n\t\t\t\t<div class=\"elementor-widget-container\">\n\t\t\t\t\t\t\t<p>I miei gioielli mi definiscono, parlano di me. Irene Bozza.<\/p>\n\t\t\t\t\t\t<\/div>\n\t\t\t\t<\/div>\n\t\t\t\t<div class=\"elementor-element elementor-element-e9934a9 elementor-hidden-desktop elementor-hidden-phone elementor-widget elementor-widget-image\" data-id=\"e9934a9\" data-element_type=\"widget\" data-widget_type=\"image.default\">\n\t\t\t\t<div class=\"elementor-widget-container\">\n\t\t\t\t\t\t\t\t\t\t\t\t\t\t\t<img fetchpriority=\"high\" decoding=\"async\" width=\"747\" height=\"1024\" src=\"https:\/\/irenebozza.com\/wp-content\/uploads\/atelier_joyas-con-significado_unico-irene-bozza-747x1024.jpg\" class=\"attachment-large size-large wp-image-866\" alt=\"\" srcset=\"https:\/\/irenebozza.com\/wp-content\/uploads\/atelier_joyas-con-significado_unico-irene-bozza-747x1024.jpg 747w, https:\/\/irenebozza.com\/wp-content\/uploads\/atelier_joyas-con-significado_unico-irene-bozza-219x300.jpg 219w, https:\/\/irenebozza.com\/wp-content\/uploads\/atelier_joyas-con-significado_unico-irene-bozza-768x1052.jpg 768w, https:\/\/irenebozza.com\/wp-content\/uploads\/atelier_joyas-con-significado_unico-irene-bozza-300x411.jpg 300w, https:\/\/irenebozza.com\/wp-content\/uploads\/atelier_joyas-con-significado_unico-irene-bozza-600x822.jpg 600w, https:\/\/irenebozza.com\/wp-content\/uploads\/atelier_joyas-con-significado_unico-irene-bozza.jpg 800w\" sizes=\"(max-width: 747px) 100vw, 747px\" \/>\t\t\t\t\t\t\t\t\t\t\t\t\t\t\t<\/div>\n\t\t\t\t<\/div>\n\t\t\t\t<div class=\"elementor-element elementor-element-543bf0a elementor-hidden-desktop elementor-hidden-phone elementor-widget elementor-widget-text-editor\" data-id=\"543bf0a\" data-element_type=\"widget\" data-widget_type=\"text-editor.default\">\n\t\t\t\t<div class=\"elementor-widget-container\">\n\t\t\t\t\t\t\t<p>I miei gioielli mi definiscono, parlano di me. Irene Bozza.<\/p>\n\t\t\t\t\t\t<\/div>\n\t\t\t\t<\/div>\n\t\t\t\t\t<\/div>\n\t\t<\/div>\n\t\t\t\t<div class=\"elementor-column elementor-col-50 elementor-top-column elementor-element elementor-element-60ddd6e\" data-id=\"60ddd6e\" data-element_type=\"column\">\n\t\t\t<div class=\"elementor-widget-wrap elementor-element-populated\">\n\t\t\t\t\t\t\t\t<div class=\"elementor-element elementor-element-ba3628d elementor-widget elementor-widget-text-editor\" data-id=\"ba3628d\" data-element_type=\"widget\" data-widget_type=\"text-editor.default\">\n\t\t\t\t<div class=\"elementor-widget-container\">\n\t\t\t\t\t\t\t<h1>Gioielli dal <b>significato unico<\/b><\/h1>\n\t\t\t\t\t\t<\/div>\n\t\t\t\t<\/div>\n\t\t\t\t<div class=\"elementor-element elementor-element-30c1e5d elementor-widget elementor-widget-text-editor\" data-id=\"30c1e5d\" data-element_type=\"widget\" data-widget_type=\"text-editor.default\">\n\t\t\t\t<div class=\"elementor-widget-container\">\n\t\t\t\t\t\t\t<p>Hai in testa il tuo gioiello e vuoi svilupparlo?  Ti sei innamorata di una delle nostre pietre e vuoi un articolo unico, creato solo per te?<\/p>\n<p><span style=\"font-weight: 400;\">Design, artigianalit\u00e0 e sostenibilit\u00e0 saranno i marchi di fabbrica del tuo gioiello che durer\u00e0 per generazioni.<\/span><\/p>\n<p>Realizzato in Spagna con etica perch\u00e9 tu possa farlo brillare con orgoglio.<\/p>\n<p>Regalati una chiacchierata vis a vis con<em> Irene Bozza<\/em> per dar vita al tuo sogno.<\/p>\n\t\t\t\t\t\t<\/div>\n\t\t\t\t<\/div>\n\t\t\t\t<div class=\"elementor-element elementor-element-1a70378 elementor-widget elementor-widget-button\" data-id=\"1a70378\" data-element_type=\"widget\" data-widget_type=\"button.default\">\n\t\t\t\t<div class=\"elementor-widget-container\">\n\t\t\t\t\t<div class=\"elementor-button-wrapper\">\n\t\t\t<a class=\"elementor-button elementor-button-link elementor-size-sm elementor-animation-grow\" href=\"\/it\/contatti\/\">\n\t\t\t\t\t\t<span class=\"elementor-button-content-wrapper\">\n\t\t\t\t\t\t<span class=\"elementor-button-text\">Vuoi saperne di pi\u00f9? Contattaci<\/span>\n\t\t<\/span>\n\t\t\t\t\t<\/a>\n\t\t<\/div>\n\t\t\t\t<\/div>\n\t\t\t\t<\/div>\n\t\t\t\t<div class=\"elementor-element elementor-element-6b3cfa8 elementor-hidden-desktop elementor-hidden-tablet elementor-widget elementor-widget-image\" data-id=\"6b3cfa8\" data-element_type=\"widget\" data-widget_type=\"image.default\">\n\t\t\t\t<div class=\"elementor-widget-container\">\n\t\t\t\t\t\t\t\t\t\t\t\t\t\t\t<img fetchpriority=\"high\" decoding=\"async\" width=\"747\" height=\"1024\" src=\"https:\/\/irenebozza.com\/wp-content\/uploads\/atelier_joyas-con-significado_unico-irene-bozza-747x1024.jpg\" class=\"attachment-large size-large wp-image-866\" alt=\"\" srcset=\"https:\/\/irenebozza.com\/wp-content\/uploads\/atelier_joyas-con-significado_unico-irene-bozza-747x1024.jpg 747w, https:\/\/irenebozza.com\/wp-content\/uploads\/atelier_joyas-con-significado_unico-irene-bozza-219x300.jpg 219w, https:\/\/irenebozza.com\/wp-content\/uploads\/atelier_joyas-con-significado_unico-irene-bozza-768x1052.jpg 768w, https:\/\/irenebozza.com\/wp-content\/uploads\/atelier_joyas-con-significado_unico-irene-bozza-300x411.jpg 300w, https:\/\/irenebozza.com\/wp-content\/uploads\/atelier_joyas-con-significado_unico-irene-bozza-600x822.jpg 600w, https:\/\/irenebozza.com\/wp-content\/uploads\/atelier_joyas-con-significado_unico-irene-bozza.jpg 800w\" sizes=\"(max-width: 747px) 100vw, 747px\" \/>\t\t\t\t\t\t\t\t\t\t\t\t\t\t\t<\/div>\n\t\t\t\t<\/div>\n\t\t\t\t<div class=\"elementor-element elementor-element-3f46780 elementor-hidden-desktop elementor-hidden-tablet elementor-widget elementor-widget-text-editor\" data-id=\"3f46780\" data-element_type=\"widget\" data-widget_type=\"text-editor.default\">\n\t\t\t\t<div class=\"elementor-widget-container\">\n\t\t\t\t\t\t\t<p>I miei gioielli mi definiscono, parlano di me. Irene Bozza.<\/p>\n\t\t\t\t\t\t<\/div>\n\t\t\t\t<\/div>\n\t\t\t\t\t<\/div>\n\t\t<\/div>\n\t\t\t\t\t\t\t<\/div>\n\t\t<\/section>\n\t\t\t\t<section class=\"elementor-section elementor-top-section elementor-element elementor-element-9047a6c elementor-section-content-middle elementor-section-stretched elementor-section-boxed elementor-section-height-default elementor-section-height-default\" data-id=\"9047a6c\" data-element_type=\"section\" data-settings=\"{&quot;stretch_section&quot;:&quot;section-stretched&quot;,&quot;background_background&quot;:&quot;classic&quot;,&quot;jet_parallax_layout_list&quot;:[{&quot;jet_parallax_layout_image&quot;:{&quot;url&quot;:&quot;&quot;,&quot;id&quot;:&quot;&quot;,&quot;size&quot;:&quot;&quot;},&quot;_id&quot;:&quot;0d29b15&quot;,&quot;jet_parallax_layout_image_tablet&quot;:{&quot;url&quot;:&quot;&quot;,&quot;id&quot;:&quot;&quot;,&quot;size&quot;:&quot;&quot;},&quot;jet_parallax_layout_image_mobile&quot;:{&quot;url&quot;:&quot;&quot;,&quot;id&quot;:&quot;&quot;,&quot;size&quot;:&quot;&quot;},&quot;jet_parallax_layout_speed&quot;:{&quot;unit&quot;:&quot;%&quot;,&quot;size&quot;:50,&quot;sizes&quot;:[]},&quot;jet_parallax_layout_type&quot;:&quot;scroll&quot;,&quot;jet_parallax_layout_direction&quot;:null,&quot;jet_parallax_layout_fx_direction&quot;:null,&quot;jet_parallax_layout_z_index&quot;:&quot;&quot;,&quot;jet_parallax_layout_bg_x&quot;:50,&quot;jet_parallax_layout_bg_y&quot;:50,&quot;jet_parallax_layout_bg_size&quot;:&quot;auto&quot;,&quot;jet_parallax_layout_animation_prop&quot;:&quot;transform&quot;,&quot;jet_parallax_layout_on&quot;:[&quot;desktop&quot;,&quot;tablet&quot;],&quot;jet_parallax_layout_bg_x_tablet&quot;:&quot;&quot;,&quot;jet_parallax_layout_bg_x_mobile&quot;:&quot;&quot;,&quot;jet_parallax_layout_bg_y_tablet&quot;:&quot;&quot;,&quot;jet_parallax_layout_bg_y_mobile&quot;:&quot;&quot;,&quot;jet_parallax_layout_bg_size_tablet&quot;:&quot;&quot;,&quot;jet_parallax_layout_bg_size_mobile&quot;:&quot;&quot;}]}\">\n\t\t\t\t\t\t<div class=\"elementor-container elementor-column-gap-default\">\n\t\t\t\t\t<div class=\"elementor-column elementor-col-50 elementor-top-column elementor-element elementor-element-23817d6\" data-id=\"23817d6\" data-element_type=\"column\">\n\t\t\t<div class=\"elementor-widget-wrap elementor-element-populated\">\n\t\t\t\t\t\t\t\t<div class=\"elementor-element elementor-element-c661c46 elementor-widget elementor-widget-spacer\" data-id=\"c661c46\" data-element_type=\"widget\" data-widget_type=\"spacer.default\">\n\t\t\t\t<div class=\"elementor-widget-container\">\n\t\t\t\t\t<div class=\"elementor-spacer\">\n\t\t\t<div class=\"elementor-spacer-inner\"><\/div>\n\t\t<\/div>\n\t\t\t\t<\/div>\n\t\t\t\t<\/div>\n\t\t\t\t<div class=\"elementor-element elementor-element-466e97e elementor-widget elementor-widget-text-editor\" data-id=\"466e97e\" data-element_type=\"widget\" data-widget_type=\"text-editor.default\">\n\t\t\t\t<div class=\"elementor-widget-container\">\n\t\t\t\t\t\t\t<p><strong>Spos@<\/strong> Atelier<\/p>\n\t\t\t\t\t\t<\/div>\n\t\t\t\t<\/div>\n\t\t\t\t<div class=\"elementor-element elementor-element-936b778 elementor-widget elementor-widget-text-editor\" data-id=\"936b778\" data-element_type=\"widget\" data-widget_type=\"text-editor.default\">\n\t\t\t\t<div class=\"elementor-widget-container\">\n\t\t\t\t\t\t\t<p>Quante volte hai immaginato come sar\u00e0 questo momento magico?\u00a0<\/p>\n<p>Vuoi avere tutto sotto controllo o semplicemente lascerai che la spontaneit\u00e0 vi sorprenda?<\/p>\n<p>Sia quale sia la tua idea di matrimonio, fa\u2019 che sia autentica e magica, grazie anche all\u2019anello che insieme disegneremo per questa occasione unica.<\/p>\n<p>Stai gi\u00e0 pensando ad un anello di fidanzamento classico o fuori dal comune, parlaci di \u201clui\u201d e insieme creeremo il pi\u00f9 grande simbolo della vostra vita e del vostro amore.<\/p>\n\t\t\t\t\t\t<\/div>\n\t\t\t\t<\/div>\n\t\t\t\t<div class=\"elementor-element elementor-element-1d66346 elementor-align-right elementor-mobile-align-left elementor-widget elementor-widget-button\" data-id=\"1d66346\" data-element_type=\"widget\" data-widget_type=\"button.default\">\n\t\t\t\t<div class=\"elementor-widget-container\">\n\t\t\t\t\t<div class=\"elementor-button-wrapper\">\n\t\t\t<a class=\"elementor-button elementor-button-link elementor-size-sm elementor-animation-grow\" href=\"\/it\/contatti\/\">\n\t\t\t\t\t\t<span class=\"elementor-button-content-wrapper\">\n\t\t\t\t\t\t<span class=\"elementor-button-text\">Confidalo a Irene Bozza<\/span>\n\t\t<\/span>\n\t\t\t\t\t<\/a>\n\t\t<\/div>\n\t\t\t\t<\/div>\n\t\t\t\t<\/div>\n\t\t\t\t<div class=\"elementor-element elementor-element-d44799c elementor-widget elementor-widget-spacer\" data-id=\"d44799c\" data-element_type=\"widget\" data-widget_type=\"spacer.default\">\n\t\t\t\t<div class=\"elementor-widget-container\">\n\t\t\t\t\t<div class=\"elementor-spacer\">\n\t\t\t<div class=\"elementor-spacer-inner\"><\/div>\n\t\t<\/div>\n\t\t\t\t<\/div>\n\t\t\t\t<\/div>\n\t\t\t\t\t<\/div>\n\t\t<\/div>\n\t\t\t\t<div class=\"elementor-column elementor-col-50 elementor-top-column elementor-element elementor-element-fddf2cf\" data-id=\"fddf2cf\" data-element_type=\"column\">\n\t\t\t<div class=\"elementor-widget-wrap elementor-element-populated\">\n\t\t\t\t\t\t\t\t<div class=\"elementor-element elementor-element-33035cb elementor-widget elementor-widget-image\" data-id=\"33035cb\" data-element_type=\"widget\" data-widget_type=\"image.default\">\n\t\t\t\t<div class=\"elementor-widget-container\">\n\t\t\t\t\t\t\t\t\t\t\t\t\t\t\t<img decoding=\"async\" width=\"1024\" height=\"814\" src=\"https:\/\/irenebozza.com\/wp-content\/uploads\/atelier_novia-novio-irene-bozza-1024x814.jpg\" class=\"attachment-large size-large wp-image-1726\" alt=\"\" srcset=\"https:\/\/irenebozza.com\/wp-content\/uploads\/atelier_novia-novio-irene-bozza-1024x814.jpg 1024w, https:\/\/irenebozza.com\/wp-content\/uploads\/atelier_novia-novio-irene-bozza-300x239.jpg 300w, https:\/\/irenebozza.com\/wp-content\/uploads\/atelier_novia-novio-irene-bozza-768x611.jpg 768w, https:\/\/irenebozza.com\/wp-content\/uploads\/atelier_novia-novio-irene-bozza-600x477.jpg 600w, https:\/\/irenebozza.com\/wp-content\/uploads\/atelier_novia-novio-irene-bozza.jpg 1261w\" sizes=\"(max-width: 1024px) 100vw, 1024px\" \/>\t\t\t\t\t\t\t\t\t\t\t\t\t\t\t<\/div>\n\t\t\t\t<\/div>\n\t\t\t\t\t<\/div>\n\t\t<\/div>\n\t\t\t\t\t\t\t<\/div>\n\t\t<\/section>\n\t\t\t\t\t\t\t<\/div>\n\t\t","protected":false},"excerpt":{"rendered":"<p>ATELIER I miei gioielli mi definiscono, parlano di me. Irene Bozza. I miei gioielli mi definiscono, parlano di me. Irene Bozza. Gioielli dal significato unico Hai in testa il tuo gioiello e vuoi svilupparlo? Ti sei innamorata di una delle nostre pietre e vuoi un articolo unico, creato solo per te? Design, artigianalit\u00e0 e sostenibilit\u00e0 &#8230; <a title=\"Atelier\" class=\"read-more\" href=\"https:\/\/irenebozza.com\/it\/atelier\/\" aria-label=\"More on Atelier\">Leggi tutto<\/a><\/p>\n","protected":false},"author":1,"featured_media":0,"parent":0,"menu_order":0,"comment_status":"closed","ping_status":"closed","template":"","meta":{"footnotes":""},"_links":{"self":[{"href":"https:\/\/irenebozza.com\/it\/wp-json\/wp\/v2\/pages\/3068"}],"collection":[{"href":"https:\/\/irenebozza.com\/it\/wp-json\/wp\/v2\/pages"}],"about":[{"href":"https:\/\/irenebozza.com\/it\/wp-json\/wp\/v2\/types\/page"}],"author":[{"embeddable":true,"href":"https:\/\/irenebozza.com\/it\/wp-json\/wp\/v2\/users\/1"}],"replies":[{"embeddable":true,"href":"https:\/\/irenebozza.com\/it\/wp-json\/wp\/v2\/comments?post=3068"}],"version-history":[{"count":9,"href":"https:\/\/irenebozza.com\/it\/wp-json\/wp\/v2\/pages\/3068\/revisions"}],"predecessor-version":[{"id":6924,"href":"https:\/\/irenebozza.com\/it\/wp-json\/wp\/v2\/pages\/3068\/revisions\/6924"}],"wp:attachment":[{"href":"https:\/\/irenebozza.com\/it\/wp-json\/wp\/v2\/media?parent=3068"}],"curies":[{"name":"wp","href":"https:\/\/api.w.org\/{rel}","templated":true}]}}