{"id":3602,"date":"2019-12-17T09:08:19","date_gmt":"2019-12-17T09:08:19","guid":{"rendered":"https:\/\/irenebozza.com\/avviso-legale\/"},"modified":"2019-12-17T15:17:35","modified_gmt":"2019-12-17T15:17:35","slug":"avviso-legale","status":"publish","type":"page","link":"https:\/\/irenebozza.com\/it\/avviso-legale\/","title":{"rendered":"Avviso legale"},"content":{"rendered":"\t\t<div data-elementor-type=\"wp-post\" data-elementor-id=\"3602\" class=\"elementor elementor-3602 elementor-1897\" data-elementor-post-type=\"page\">\n\t\t\t\t\t\t\t\t\t<section class=\"elementor-section elementor-top-section elementor-element elementor-element-202f9d7d elementor-section-boxed elementor-section-height-default elementor-section-height-default\" data-id=\"202f9d7d\" data-element_type=\"section\" data-settings=\"{&quot;jet_parallax_layout_list&quot;:[]}\">\n\t\t\t\t\t\t<div class=\"elementor-container elementor-column-gap-default\">\n\t\t\t\t\t<div class=\"elementor-column elementor-col-100 elementor-top-column elementor-element elementor-element-5f3a85e0\" data-id=\"5f3a85e0\" data-element_type=\"column\">\n\t\t\t<div class=\"elementor-widget-wrap elementor-element-populated\">\n\t\t\t\t\t\t\t\t<div class=\"elementor-element elementor-element-459569d8 elementor-widget elementor-widget-text-editor\" data-id=\"459569d8\" data-element_type=\"widget\" data-widget_type=\"text-editor.default\">\n\t\t\t\t<div class=\"elementor-widget-container\">\n\t\t\t\t\t\t\t<p><b>\u00a0<\/b><br \/><b>AVISO LEGAL<\/b><br \/><b>\u00a0<\/b><br \/><b>1. Informaci\u00f3n legal y aceptaci\u00f3n<\/b><\/p>\n<p>Las presentes disposiciones regulan el uso del servicio del portal de Internet (en adelante, el \u2018Portal\u2019) que IRENE BOZZA (en adelante, IRENE BOZZA) pone a disposici\u00f3n de los usuarios de Internet.<br \/>IRENE BOZZA con domicilio social en \u00a0Paseo Reding 43, 1\u00ba izquierda M\u00e1laga, C.P. 29016 e-mail: HELLO@IRENEBOZZA.COM, y \u00a0C.I.F. 44598764Q<br \/>La utilizaci\u00f3n del Portal atribuye la condici\u00f3n de usuario del Portal (en adelante, el \u2018Usuario\u2019) e implica la aceptaci\u00f3n de todas las condiciones incluidas en este AVISO LEGAL-CONDICIONES PARTICULARES DE COMPRA.<br \/>Por ello, se aconseja que el usuario lea este AVISO LEGAL-CONDICIONES PARTICULARES DE COMPRA antes de proceder a realizar una compra.<br \/>El Usuario debe leer atentamente el presente Aviso Legal en cada una de las ocasiones en que se proponga utilizar el Portal, ya que \u00e9ste y sus condiciones de uso recogidas en el presente Aviso Legal pueden sufrir modificaciones.<br \/>Algunos servicios del Portal accesibles para los usuarios de Internet o exclusivos para los clientes de IRENE BOZZA, pueden estar sometidos a condiciones particulares, reglamentos e instrucciones que, en su caso, sustituyen, completan y\/o modifican el presente Aviso Legal y que deber\u00e1n ser aceptadas por el Usuario antes de iniciarse la compra.<\/p>\n<p><b>2. Propiedad intelectual e industrial<\/b><\/p>\n<p>Todos los contenidos del Portal, entendiendo por estos a t\u00edtulo meramente enunciativo los dise\u00f1os de los productos, en este caso, joyas, los textos, fotograf\u00edas, gr\u00e1ficos, im\u00e1genes, iconos, tecnolog\u00eda, software, links y dem\u00e1s contenidos audiovisuales o sonoros, as\u00ed como su dise\u00f1o gr\u00e1fico y c\u00f3digos fuente (en adelante, los \u2018Contenidos\u2019), son propiedad intelectual de IRENE BOZZA o de terceros, sin que puedan entenderse cedidos al Usuario ninguno de los derechos de explotaci\u00f3n reconocidos por la normativa vigente en materia de propiedad intelectual sobre los mismos, salvo aquellos que resulten estrictamente necesario para el uso del Portal.<br \/>Las marcas, nombres comerciales o signos distintivos son titularidad de IRENE BOZZA o terceros, sin que pueda entenderse que el acceso al Portal atribuya ning\u00fan derecho sobre las citadas marcas, nombres comerciales y\/o signos distintivos.<\/p>\n<p><b>3. Condiciones de uso del portal<\/b><\/p>\n<p>3.1 General<\/p>\n<p>El Usuario se obliga a hacer un uso correcto del Portal de conformidad con la Ley y el presente Aviso Legal. El Usuario responder\u00e1 frente a IRENE BOZZA o frente a terceros, de cualesquiera da\u00f1os y perjuicios que pudieran causarse como consecuencia del incumplimiento de dicha obligaci\u00f3n.<\/p>\n<p>Queda expresamente prohibido el uso del Portal con fines lesivos de bienes o intereses de IRENE BOZZA o de terceros o que de cualquier otra forma sobrecarguen, da\u00f1en o inutilicen las redes, servidores y dem\u00e1s equipos inform\u00e1ticos (hardware) o productos y aplicaciones inform\u00e1ticas (software) de IRENE BOZZA o de terceros.<\/p>\n<p>3.2 Contenidos<\/p>\n<p>El Usuario se compromete a utilizar los Contenidos de conformidad con la Ley y el presente Aviso Legal, as\u00ed como con las dem\u00e1s condiciones, reglamentos e instrucciones que en su caso pudieran ser de aplicaci\u00f3n de conformidad con lo dispuesto en la cl\u00e1usula<\/p>\n<p>1. Con car\u00e1cter meramente enunciativo.<br \/>El Usuario de acuerdo con la legislaci\u00f3n vigente deber\u00e1 abstenerse de: Reproducir, copiar, distribuir, poner a disposici\u00f3n, comunicar p\u00fablicamente, transformar o modificar los Contenidos salvo en los casos autorizados en la ley o expresamente consentidos por explotaci\u00f3n en su caso.<br \/>Reproducir o copiar para uso privado los Contenidos que puedan ser considerados como Software o Base de Datos de conformidad con la legislaci\u00f3n vigente en materia de propiedad intelectual, as\u00ed como su comunicaci\u00f3n p\u00fablica o puesta a disposici\u00f3n de terceros cuando estos actos impliquen necesariamente la reproducci\u00f3n por parte del Usuario o de un tercero.<br \/>Extraer y\/o reutilizar la totalidad o una parte sustancial de los Contenidos integrantes del Portal as\u00ed como de las bases de datos que IRENE BOZZA pongan a disposici\u00f3n de los Usuarios.<\/p>\n<p>3.3 Formularios de recogida de datos<\/p>\n<p>Sin perjuicio de lo dispuesto del presente Aviso Legal, as\u00ed como en las pol\u00edticas de privacidad accesibles desde el Portal y que pudieran resultar aplicable en cada momento, la utilizaci\u00f3n de ciertos servicios o solicitudes dirigidas a IRENE BOZZA est\u00e1n condicionadas a la previa cumplimentaci\u00f3n del correspondiente registro de Usuario.Toda la informaci\u00f3n que facilite el Usuario a trav\u00e9s de los formularios del Portal a los efectos anteriores o cualesquiera otros deber\u00e1 ser veraz. A estos efectos, el Usuario garantiza la autenticidad de todos aquellos datos que comunique y mantendr\u00e1 la informaci\u00f3n facilitada a IRENE BOZZA perfectamente actualizada de forma que responda, en todo momento, a la situaci\u00f3n real del Usuario. En todo caso ser\u00e1 el Usuario el \u00fanico responsable de las manifestaciones falsas o inexactas que realice y de los perjuicios que cause a IRENE BOZZA o a terceros por la informaci\u00f3n que facilite.<\/p>\n<p>3.4 Introducci\u00f3n de enlaces al Portal<\/p>\n<p>El usuario de Internet que quiera introducir enlaces desde sus propias p\u00e1ginas web al Portal deber\u00e1 cumplir con las condiciones que se detallan a continuaci\u00f3n sin que el desconocimiento de las mismas evite las responsabilidades derivadas de la Ley:<\/p>\n<p>El enlace \u00fanicamente vincular\u00e1 con la home page o p\u00e1gina principal del Portal pero no podr\u00e1 reproducirla de ninguna forma (online links, copia de los textos, gr\u00e1ficos, etc).<\/p>\n<p>Quedar\u00e1 en todo caso prohibido, de acuerdo con la legislaci\u00f3n aplicable y vigente en cada momento, establecer frames o marcos de cualquier tipo que envuelvan al Portal o permitan la visualizaci\u00f3n de los Contenidos a trav\u00e9s de direcciones de Internet distintas a las del Portal y, en cualquier caso, cuando se visualicen conjuntamente con contenidos ajenos al Portal de forma que: (I) produzca, o pueda producir, error, confusi\u00f3n o enga\u00f1o en los usuarios sobre la verdadera procedencia del servicio o Contenidos; (II) suponga un acto de comparaci\u00f3n o imitaci\u00f3n desleal; (III) sirva para aprovechar la reputaci\u00f3n de la marca y prestigio de IRENE BOZZA; o (IV) de cualquier otra forma resulte prohibido por la legislaci\u00f3n vigente.<\/p>\n<p>No se realizar\u00e1n desde la p\u00e1gina que introduce el enlace ning\u00fan tipo de manifestaci\u00f3n falsa, inexacta o incorrecta sobre IRENE BOZZA, sus socios, empleados, clientes o sobre la calidad de los servicios que presta.<\/p>\n<p>En ning\u00fan caso, se expresar\u00e1 en la p\u00e1gina donde se ubique el enlace que IRENE BOZZA ha prestado su consentimiento para la inserci\u00f3n del enlace o que de otra forma patrocina, colabora, verifica o supervisa los servicios del remitente.<\/p>\n<p>Est\u00e1 prohibida la utilizaci\u00f3n de cualquier marca denominativa, gr\u00e1fica o mixta o cualquier otro signo distintivo de IRENE BOZZA dentro de la p\u00e1gina del remitente salvo en los casos permitidos por la ley o expresamente autorizados por IRENE BOZZA y siempre que se permita, en estos casos, un enlace directo con el Portal en la forma establecida en esta cl\u00e1usula.<\/p>\n<p>La p\u00e1gina que establezca el enlace deber\u00e1 cumplir fielmente con la ley y no podr\u00e1 en ning\u00fan caso disponer o enlazar con contenidos propios o de terceros que: (I) sean il\u00edcitos, nocivos o contrarios a la moral y a las buenas costumbres (pornogr\u00e1ficos, violentos, racistas, etc.); (II) induzcan o puedan inducir en el Usuario la falsa concepci\u00f3n de que IRENE BOZZA suscribe, respalda, se adhiere o de cualquier manera apoya, las ideas, manifestaciones o expresiones, l\u00edcitas o il\u00edcitas, del remitente; (III) resulten inapropiados o no pertinentes con la actividad de IRENE BOZZA en atenci\u00f3n al lugar, contenidos y tem\u00e1tica de la p\u00e1gina web del remitente.<\/p>\n<p><b>4. Cookies<\/b><\/p>\n<p>IRENE BOZZA podr\u00e1 utilizar cookies durante la prestaci\u00f3n del servicio del Portal. Las cookies son procedimientos autom\u00e1ticos de recogida de informaci\u00f3n relativa a las preferencias determinadas por un usuario durante su visita a una determinada p\u00e1gina web. Esta informaci\u00f3n se registra en peque\u00f1os archivos que son guardados en los equipos inform\u00e1ticos del usuario correspondiente de forma imperceptible. Cada vez que el usuario vuelve a acceder al sitio web en cuesti\u00f3n estos archivos se activan autom\u00e1ticamente de manera que se configura el sitio web con las preferencias se\u00f1aladas en anteriores visitas. En definitiva, las cookies son ficheros f\u00edsicos de informaci\u00f3n personal alojados en el propio terminal del usuario y asociados inequ\u00edvocamente a este terminal. Las cookies no pueden leer los archivos cookie creados por otros proveedores.<\/p>\n<p>El Usuario tiene la posibilidad de configurar su programa navegador de manera que se impida la creaci\u00f3n de archivos cookie o se advierta del momento en que esto ocurre. El Portal es accesible sin necesidad de que est\u00e9n activadas las opciones referentes a los archivos cookie, si bien pueden impedir el correcto funcionamiento de mecanismos de seguridad para servicios exclusivos o determinados servicios que requieren de una mayor seguridad. Por norma general, la finalidad de los archivos cookie del Portal es la de facilitar la navegaci\u00f3n del Usuario.<\/p>\n<p><b>5. Comunicaci\u00f3n de actividades de car\u00e1cter il\u00edcito e inadecuado<\/b><\/p>\n<p>En el caso de que el Usuario o cualquier otro usuario de Internet tuvieran conocimiento de que los Sitios Enlazados remiten a p\u00e1ginas cuyos contenidos o servicios son il\u00edcitos, nocivos, denigrantes, violentos o contrarios a la moral podr\u00e1 ponerse en contacto con IRENE BOZZA indicando los siguientes extremos:<\/p>\n<p>Datos personales del comunicante: nombre, direcci\u00f3n, n\u00famero de tel\u00e9fono y direcci\u00f3n de correo electr\u00f3nico;<\/p>\n<p>Descripci\u00f3n de los hechos que revelan el car\u00e1cter il\u00edcito o inadecuado del Sitio Enlazado; En el supuesto de violaci\u00f3n de derechos, tales como propiedad intelectual e industrial, los datos personales del titular del derecho infringido cuando sea persona distinta del comunicante. Asimismo deber\u00e1 aportar el t\u00edtulo que acredite la legitimaci\u00f3n del titular de los derechos y, en su caso, el de representaci\u00f3n para actuar por cuenta del titular cuando sea persona distinta del comunicante;<\/p>\n<p>Declaraci\u00f3n expresa de que la informaci\u00f3n contenida en la reclamaci\u00f3n es exacta.<\/p>\n<p>La recepci\u00f3n por parte de IRENE BOZZA de la comunicaci\u00f3n prevista en esta cl\u00e1usula no supondr\u00e1, seg\u00fan lo dispuesto en la LSSI, el conocimiento efectivo de las actividades y\/o contenidos indicados por el comunicante.<\/p>\n<p>Asimismo deber\u00e1 aportar el t\u00edtulo que acredite la legitimaci\u00f3n del titular de los derechos y, en su caso, el de representaci\u00f3n para actuar por cuenta del titular cuando sea persona distinta del comunicante; Declaraci\u00f3n expresa de que la informaci\u00f3n contenida en la reclamaci\u00f3n es exacta.<\/p>\n<p>La recepci\u00f3n por parte de IRENE BOZZA de la comunicaci\u00f3n prevista en esta cl\u00e1usula no supondr\u00e1, seg\u00fan lo dispuesto en la LSSI, el conocimiento efectivo de las actividades y\/o contenidos indicados por el comunicante.<\/p>\n<p><b>6. Legislaci\u00f3n<\/b><\/p>\n<p>El presente Aviso Legal se rige en todos y cada uno de sus extremos por la ley espa\u00f1ola.<\/p>\n\t\t\t\t\t\t<\/div>\n\t\t\t\t<\/div>\n\t\t\t\t\t<\/div>\n\t\t<\/div>\n\t\t\t\t\t\t\t<\/div>\n\t\t<\/section>\n\t\t\t\t\t\t\t<\/div>\n\t\t","protected":false},"excerpt":{"rendered":"<p>&nbsp; AVISO LEGAL &nbsp; 1. Informaci\u00f3n legal y aceptaci\u00f3n Las presentes disposiciones regulan el uso del servicio del portal de Internet (en adelante, el \u2018Portal\u2019) que IRENE BOZZA (en adelante, IRENE BOZZA) pone a disposici\u00f3n de los usuarios de Internet. IRENE BOZZA con domicilio social en &nbsp;Paseo Reding 43, 1\u00ba izquierda M\u00e1laga, C.P. 29016 e-mail: &#8230; <a title=\"Avviso legale\" class=\"read-more\" href=\"https:\/\/irenebozza.com\/it\/avviso-legale\/\" aria-label=\"More on Avviso legale\">Leggi tutto<\/a><\/p>\n","protected":false},"author":1,"featured_media":0,"parent":0,"menu_order":0,"comment_status":"closed","ping_status":"closed","template":"","meta":{"footnotes":""},"_links":{"self":[{"href":"https:\/\/irenebozza.com\/it\/wp-json\/wp\/v2\/pages\/3602"}],"collection":[{"href":"https:\/\/irenebozza.com\/it\/wp-json\/wp\/v2\/pages"}],"about":[{"href":"https:\/\/irenebozza.com\/it\/wp-json\/wp\/v2\/types\/page"}],"author":[{"embeddable":true,"href":"https:\/\/irenebozza.com\/it\/wp-json\/wp\/v2\/users\/1"}],"replies":[{"embeddable":true,"href":"https:\/\/irenebozza.com\/it\/wp-json\/wp\/v2\/comments?post=3602"}],"version-history":[{"count":2,"href":"https:\/\/irenebozza.com\/it\/wp-json\/wp\/v2\/pages\/3602\/revisions"}],"predecessor-version":[{"id":3824,"href":"https:\/\/irenebozza.com\/it\/wp-json\/wp\/v2\/pages\/3602\/revisions\/3824"}],"wp:attachment":[{"href":"https:\/\/irenebozza.com\/it\/wp-json\/wp\/v2\/media?parent=3602"}],"curies":[{"name":"wp","href":"https:\/\/api.w.org\/{rel}","templated":true}]}}