{"id":3625,"date":"2019-12-17T09:24:53","date_gmt":"2019-12-17T09:24:53","guid":{"rendered":"https:\/\/irenebozza.com\/politica-della-privacy\/"},"modified":"2021-01-13T19:56:50","modified_gmt":"2021-01-13T19:56:50","slug":"politica-della-privacy","status":"publish","type":"page","link":"https:\/\/irenebozza.com\/it\/politica-della-privacy\/","title":{"rendered":"Politica della Privacy"},"content":{"rendered":"\t\t<div data-elementor-type=\"wp-post\" data-elementor-id=\"3625\" class=\"elementor elementor-3625 elementor-3\" data-elementor-post-type=\"page\">\n\t\t\t\t\t\t\t\t\t<section class=\"elementor-section elementor-top-section elementor-element elementor-element-202f9d7d elementor-section-boxed elementor-section-height-default elementor-section-height-default\" data-id=\"202f9d7d\" data-element_type=\"section\" data-settings=\"{&quot;jet_parallax_layout_list&quot;:[]}\">\n\t\t\t\t\t\t<div class=\"elementor-container elementor-column-gap-default\">\n\t\t\t\t\t<div class=\"elementor-column elementor-col-100 elementor-top-column elementor-element elementor-element-5f3a85e0\" data-id=\"5f3a85e0\" data-element_type=\"column\">\n\t\t\t<div class=\"elementor-widget-wrap elementor-element-populated\">\n\t\t\t\t\t\t\t\t<div class=\"elementor-element elementor-element-459569d8 elementor-widget elementor-widget-text-editor\" data-id=\"459569d8\" data-element_type=\"widget\" data-widget_type=\"text-editor.default\">\n\t\t\t\t<div class=\"elementor-widget-container\">\n\t\t\t\t\t\t\t<p><b>\u00a0<\/b><br \/>\n<b>POLITICA DE PRIVACIDAD<\/b><br \/>\n<b><\/b><br \/>\nEn cumplimiento de lo establecido en art\u00edculo 13 del Reglamento (UE) 2016\/679 del Parlamento Europeo y del Consejo, de 27 de abril de 2016, relativo a la protecci\u00f3n de las personas f\u00edsicas en lo que respecta al tratamiento de datos personales y a la libre circulaci\u00f3n de estos datos (RGPD) y art\u00edculo 5 de la Ley Org\u00e1nica 15\/99, de 13 de diciembre, de Protecci\u00f3n de Datos de Car\u00e1cter Personal ( LOPD) facilitamos la informaci\u00f3n relativa\u00a0 al tratamiento de sus datos personales en funci\u00f3n del formulario de nuestra Web a trav\u00e9s del cual nos los env\u00ede: Al pinchar sobre cada t\u00edtulo se nos abrir\u00eda el contenido de cada uno de ellos, que exponemos a continuaci\u00f3n:<\/p>\n<p><b>INFORMACI\u00d3N PROTECCI\u00d3N DE DATOS FORMULARIO CONTACTO \/CORREOS DE INTER\u00c9S<\/b><\/p>\n<p><b>Responsable del tratamiento de sus datos personales<\/b><\/p>\n<p>IRENE BOZZA, C.I.F: 44598764Q, direcci\u00f3n Apartado Correos 4003, 29016, M\u00e1laga, \u00a0tel\u00e9fono +34639030623 y correo electr\u00f3nico HELLO@IRENEBOZZA.COM<\/p>\n<p><b>Finalidad del tratamiento de datos personales<\/b><\/p>\n<p>Trataremos sus datos personales que nos remita mediante el formulario de contacto o a trav\u00e9s del env\u00edo de correo electr\u00f3nico a las direcciones que aparecen en esta Web con la finalidad de contestar a sus consultas, mantener la comunicaci\u00f3n con usted y para remitirle por cualquier medio, incluidos medios electr\u00f3nicos, informaci\u00f3n sobre productos y servicios propios y noticias del sector.<\/p>\n<p><b>Periodo de conservaci\u00f3n de los datos personales<\/b><\/p>\n<p>Conservaremos sus datos mientras no solicite su supresi\u00f3n o retire el consentimiento para su tratamiento. En este caso se conservar\u00e1n debidamente bloqueados como m\u00e1ximo durante tres a\u00f1os hasta que prescriban las responsabilidades nacidas del tratamiento de sus datos personales.<\/p>\n<p><b>Legitimaci\u00f3n para el tratamiento de los datos personales<\/b><\/p>\n<p>La legitimaci\u00f3n del tratamiento de sus datos se basa en el consentimiento que usted nos presta, mediante la cumplimentaci\u00f3n y env\u00edo del formulario o del correo electr\u00f3nico y\/o mediante la aceptaci\u00f3n del env\u00edo de informaci\u00f3n promocional de nuestra empresa.<\/p>\n<p><b>Consecuencias de no facilitar los datos<\/b><\/p>\n<p>No es obligatorio facilitar los datos solicitados, pero en caso de no aportarlos no podremos dar respuesta \u00a0a su solicitud.<\/p>\n<p><b>Cesiones\/ comunicaciones de los datos personales<\/b><\/p>\n<p>Sus datos no ser\u00e1n cedidos a terceros, excepto en los casos en que est\u00e9 previsto legalmente. No se prev\u00e9n transferencias internacionales de datos.<\/p>\n<p><b>Comentarios<\/b><\/p>\n<p>De los usuarios que se registran en nuestra web (si los hay), tambi\u00e9n almacenamos la informaci\u00f3n personal que proporcionan en su perfil de usuario. Todos los usuarios pueden ver, editar o eliminar su informaci\u00f3n personal en cualquier momento (excepto que no pueden cambiar su nombre de usuario). Los administradores de la web tambi\u00e9n pueden ver y editar esa informaci\u00f3n.<br \/>\nSi tienes una cuenta en esta web, puedes solicitar recibir un archivo de exportaci\u00f3n de los datos personales que tenemos sobre ti, incluyendo cualquier dato que nos hayas proporcionado. Tambi\u00e9n puedes solicitar que eliminemos cualquier dato personal que tengamos sobre ti. Esto no incluye ning\u00fan dato que estemos obligados a conservar con fines administrativos, legales o de seguridad.<\/p>\n<p><b>Derechos en relaci\u00f3n a sus datos personales<\/b><\/p>\n<p>Podr\u00e1 ejercer los derechos de acceso, rectificaci\u00f3n, supresi\u00f3n, limitaci\u00f3n y oposici\u00f3n en la direcci\u00f3n de correo electr\u00f3nico HELLO@IRENEBOZZA.COM con el asunto \u201cprotecci\u00f3n de datos\u201d o por escrito a la direcci\u00f3n del responsable en Paseo Reding 43, 1\u00ba izquierda, CP 29016, M\u00e1laga., y en cualquiera de los dos casos junto con copia de documento que acredite su identidad.<\/p>\n<p>Cuando el tratamiento est\u00e9 legitimado en el consentimiento y se efect\u00fae por medios automatizados tendr\u00e1 derecho a la portabilidad de sus datos, es decir, a que se le entreguen en formato estructurado, de uso com\u00fan y lectura mec\u00e1nica, incluso a remit\u00edrselos a un nuevo responsable.<\/p>\n<p><b>Derecho de reclamaci\u00f3n a la autoridad de control<\/b><\/p>\n<p>Podr\u00e1 presentar reclamaci\u00f3n ante la Autoridad de Control en materia de Protecci\u00f3n de Datos competente, especialmente cuando no haya obtenido satisfacci\u00f3n en el ejercicio de sus derechos, mediante escrito dirigido a la \u00a0Agencia Espa\u00f1ola de Protecci\u00f3n de Datos , C\/Jorge Juan n\u00ba 6, 28001 Madrid o bien accediendo a su sede electr\u00f3nica a trav\u00e9s de la web <a href=\"http:\/\/www.agpd.es\/\" target=\"_blank\" rel=\"noopener\">www.agpd.es<\/a><\/p>\n\t\t\t\t\t\t<\/div>\n\t\t\t\t<\/div>\n\t\t\t\t\t<\/div>\n\t\t<\/div>\n\t\t\t\t\t\t\t<\/div>\n\t\t<\/section>\n\t\t\t\t\t\t\t<\/div>\n\t\t","protected":false},"excerpt":{"rendered":"<p>&nbsp; POLITICA DE PRIVACIDAD En cumplimiento de lo establecido en art\u00edculo 13 del Reglamento (UE) 2016\/679 del Parlamento Europeo y del Consejo, de 27 de abril de 2016, relativo a la protecci\u00f3n de las personas f\u00edsicas en lo que respecta al tratamiento de datos personales y a la libre circulaci\u00f3n de estos datos (RGPD) y &#8230; <a title=\"Politica della Privacy\" class=\"read-more\" href=\"https:\/\/irenebozza.com\/it\/politica-della-privacy\/\" aria-label=\"More on Politica della Privacy\">Leggi tutto<\/a><\/p>\n","protected":false},"author":1,"featured_media":0,"parent":0,"menu_order":0,"comment_status":"closed","ping_status":"closed","template":"","meta":{"footnotes":""},"_links":{"self":[{"href":"https:\/\/irenebozza.com\/it\/wp-json\/wp\/v2\/pages\/3625"}],"collection":[{"href":"https:\/\/irenebozza.com\/it\/wp-json\/wp\/v2\/pages"}],"about":[{"href":"https:\/\/irenebozza.com\/it\/wp-json\/wp\/v2\/types\/page"}],"author":[{"embeddable":true,"href":"https:\/\/irenebozza.com\/it\/wp-json\/wp\/v2\/users\/1"}],"replies":[{"embeddable":true,"href":"https:\/\/irenebozza.com\/it\/wp-json\/wp\/v2\/comments?post=3625"}],"version-history":[{"count":5,"href":"https:\/\/irenebozza.com\/it\/wp-json\/wp\/v2\/pages\/3625\/revisions"}],"predecessor-version":[{"id":5160,"href":"https:\/\/irenebozza.com\/it\/wp-json\/wp\/v2\/pages\/3625\/revisions\/5160"}],"wp:attachment":[{"href":"https:\/\/irenebozza.com\/it\/wp-json\/wp\/v2\/media?parent=3625"}],"curies":[{"name":"wp","href":"https:\/\/api.w.org\/{rel}","templated":true}]}}