{"id":3676,"date":"2019-09-25T11:04:46","date_gmt":"2019-09-25T11:04:46","guid":{"rendered":"https:\/\/irenebozza.com\/producto\/coupon-regalo\/"},"modified":"2019-12-17T15:06:16","modified_gmt":"2019-12-17T15:06:16","slug":"coupon-regalo","status":"publish","type":"product","link":"https:\/\/irenebozza.com\/it\/producto\/coupon-regalo\/","title":{"rendered":"Coupon Regalo"},"content":{"rendered":"","protected":false},"excerpt":{"rendered":"<p>L&#8217;acquisto di questa <strong>Carta Regalo Digitale <\/strong> crea un codice univoco. Il destinatario della carta regalo pu\u00f2 inserire questo codice al termine dell&#8217;acquisto per sottrarre il valore dell&#8217;ordine totale.<\/p>\n<p>*Questa carta non pu\u00f2 essere cambiata in contanti e non \u00e8 rimborsabile. Non siamo responsabili per l&#8217;uso non autorizzato di tale carta. Pu\u00f2 essere utilizzato SOLO su www.irenebozza.com.<\/p>\n","protected":false},"featured_media":3677,"comment_status":"open","ping_status":"closed","template":"","meta":[],"product_cat":[197],"product_tag":[],"_links":{"self":[{"href":"https:\/\/irenebozza.com\/it\/wp-json\/wp\/v2\/product\/3676"}],"collection":[{"href":"https:\/\/irenebozza.com\/it\/wp-json\/wp\/v2\/product"}],"about":[{"href":"https:\/\/irenebozza.com\/it\/wp-json\/wp\/v2\/types\/product"}],"replies":[{"embeddable":true,"href":"https:\/\/irenebozza.com\/it\/wp-json\/wp\/v2\/comments?post=3676"}],"wp:featuredmedia":[{"embeddable":true,"href":"https:\/\/irenebozza.com\/it\/wp-json\/wp\/v2\/media\/3677"}],"wp:attachment":[{"href":"https:\/\/irenebozza.com\/it\/wp-json\/wp\/v2\/media?parent=3676"}],"wp:term":[{"taxonomy":"product_cat","embeddable":true,"href":"https:\/\/irenebozza.com\/it\/wp-json\/wp\/v2\/product_cat?post=3676"},{"taxonomy":"product_tag","embeddable":true,"href":"https:\/\/irenebozza.com\/it\/wp-json\/wp\/v2\/product_tag?post=3676"}],"curies":[{"name":"wp","href":"https:\/\/api.w.org\/{rel}","templated":true}]}}